{"id":12563,"date":"2024-09-12T15:07:39","date_gmt":"2024-09-12T13:07:39","guid":{"rendered":"http:\/\/192.168.0.108\/braintech\/?page_id=12563"},"modified":"2025-02-05T23:31:46","modified_gmt":"2025-02-05T22:31:46","slug":"mentoring","status":"publish","type":"page","link":"https:\/\/www.fondfit.sk\/index.php\/mentoring\/","title":{"rendered":"Mentoring"},"content":{"rendered":"\t\t<div data-elementor-type=\"wp-page\" data-elementor-id=\"12563\" class=\"elementor elementor-12563\">\n\t\t\t\t\t\t<section class=\"elementor-section elementor-top-section elementor-element elementor-element-17c56040 elementor-section-full_width elementor-section-height-default elementor-section-height-default wpr-particle-no wpr-jarallax-no wpr-parallax-no wpr-sticky-section-no\" data-id=\"17c56040\" data-element_type=\"section\">\n\t\t\t\t\t\t<div class=\"elementor-container elementor-column-gap-default\">\n\t\t\t\t\t<div class=\"elementor-column elementor-col-50 elementor-top-column elementor-element elementor-element-3268ea89\" data-id=\"3268ea89\" data-element_type=\"column\">\n\t\t\t<div class=\"elementor-widget-wrap elementor-element-populated\">\n\t\t\t\t\t\t<div class=\"elementor-element elementor-element-2171be2a elementor-widget elementor-widget-image\" data-id=\"2171be2a\" data-element_type=\"widget\" data-widget_type=\"image.default\">\n\t\t\t\t<div class=\"elementor-widget-container\">\n\t\t\t\t\t\t\t\t\t\t\t\t\t\t\t<img fetchpriority=\"high\" decoding=\"async\" width=\"650\" height=\"490\" src=\"https:\/\/www.fondfit.sk\/wp-content\/uploads\/2024\/12\/mentor2-e1715-1.png\" class=\"attachment-full size-full wp-image-22964\" alt=\"\" srcset=\"https:\/\/www.fondfit.sk\/wp-content\/uploads\/2024\/12\/mentor2-e1715-1.png 650w, https:\/\/www.fondfit.sk\/wp-content\/uploads\/2024\/12\/mentor2-e1715-1-300x226.png 300w\" sizes=\"(max-width: 650px) 100vw, 650px\" \/>\t\t\t\t\t\t\t\t\t\t\t\t\t\t\t<\/div>\n\t\t\t\t<\/div>\n\t\t\t\t<div class=\"elementor-element elementor-element-681b04ec elementor-widget elementor-widget-heading\" data-id=\"681b04ec\" data-element_type=\"widget\" data-widget_type=\"heading.default\">\n\t\t\t\t<div class=\"elementor-widget-container\">\n\t\t\t\t\t<h2 class=\"elementor-heading-title elementor-size-default\">Pr\u00ednosy mentoringu<\/h2>\t\t\t\t<\/div>\n\t\t\t\t<\/div>\n\t\t\t\t<div class=\"elementor-element elementor-element-471a9c1a elementor-widget elementor-widget-text-editor\" data-id=\"471a9c1a\" data-element_type=\"widget\" data-widget_type=\"text-editor.default\">\n\t\t\t\t<div class=\"elementor-widget-container\">\n\t\t\t\t\t\t\t\t\t<p>Mentorom naz\u00fdvame osobu so sk\u00fasenos\u0165ami, ktor\u00e1 odovz\u00e1va svoje vedomosti a kompetencie menej sk\u00fasenej osobe (mentee), \u010d\u00edm jej pom\u00e1ha, aby dosiahla stanoven\u00e9 ciele. Mentoring je efekt\u00edvny sp\u00f4sob ako na\u0161tartova\u0165 vlastn\u00e9 podnikanie a pri tom sa vyvarova\u0165 mo\u017en\u00fdm rizik\u00e1m a chyb\u00e1m, ku ktor\u00fdm m\u00f4\u017ee d\u00f4js\u0165 bez potrebn\u00fdch predch\u00e1dzaj\u00facich sk\u00fasenost\u00ed.<\/p><p style=\"margin-bottom: 16px; padding: 0px; color: #2b3439; font-family: 'PT Serif', serif; font-size: 16.4368px;\">\u00a0<\/p>\t\t\t\t\t\t\t\t<\/div>\n\t\t\t\t<\/div>\n\t\t\t\t<section class=\"elementor-section elementor-inner-section elementor-element elementor-element-6e1fc61f elementor-section-boxed elementor-section-height-default elementor-section-height-default wpr-particle-no wpr-jarallax-no wpr-parallax-no wpr-sticky-section-no\" data-id=\"6e1fc61f\" data-element_type=\"section\">\n\t\t\t\t\t\t<div class=\"elementor-container elementor-column-gap-default\">\n\t\t\t\t\t<div class=\"elementor-column elementor-col-100 elementor-inner-column elementor-element elementor-element-68b0e5fc\" data-id=\"68b0e5fc\" data-element_type=\"column\">\n\t\t\t<div class=\"elementor-widget-wrap elementor-element-populated\">\n\t\t\t\t\t\t<div class=\"elementor-element elementor-element-5000fd14 elementor-widget elementor-widget-rsfeatureslist\" data-id=\"5000fd14\" data-element_type=\"widget\" data-widget_type=\"rsfeatureslist.default\">\n\t\t\t\t<div class=\"elementor-widget-container\">\n\t\t\t\t\t \n\n        <div class=\"rs-features-list-content\">        \n\n                                    <ul class=\"rs-features-list\">\n                                                    <li class=\"elementor-repeater-item-0348abf\">\n                                                                    <i class=\"fa fa-check-circle\"><\/i>\n                                                                <span class=\"rs-feature-text\">Jasn\u00e9 a re\u00e1lne nastaven\u00e9 ciele<\/span>\n                            <\/li>\n                                                    <li class=\"elementor-repeater-item-cb9e02c\">\n                                                                    <i class=\"fa fa-check-circle\"><\/i>\n                                                                <span class=\"rs-feature-text\">\u010casov\u00fd r\u00e1mec so stanovenou postupnos\u0165ou a pevnou \u0161trukt\u00farou<\/span>\n                            <\/li>\n                                                    <li class=\"elementor-repeater-item-88cbb66\">\n                                                                    <i class=\"fa fa-check-circle\"><\/i>\n                                                                <span class=\"rs-feature-text\">Anga\u017eovanos\u0165 a efekt\u00edvna spolupr\u00e1ca \u00fa\u010dastn\u00edkov mentoringu (mentora a menteeho)<\/span>\n                            <\/li>\n                                                    <li class=\"elementor-repeater-item-e173c11\">\n                                                                    <i class=\"fa fa-check-circle\"><\/i>\n                                                                <span class=\"rs-feature-text\">Odborn\u00e1 expert\u00edza, z\u00edskanie nadh\u013eadu a podpory pri projekte<\/span>\n                            <\/li>\n                                            <\/ul>\n                            \n        <\/div>\n        \t\t\t\t<\/div>\n\t\t\t\t<\/div>\n\t\t\t\t\t<\/div>\n\t\t<\/div>\n\t\t\t\t\t<\/div>\n\t\t<\/section>\n\t\t\t\t\t<\/div>\n\t\t<\/div>\n\t\t\t\t<div class=\"elementor-column elementor-col-50 elementor-top-column elementor-element elementor-element-2187c4ec bs-sidebar dynamic-sidebar\" data-id=\"2187c4ec\" data-element_type=\"column\">\n\t\t\t<div class=\"elementor-widget-wrap elementor-element-populated\">\n\t\t\t\t\t\t<div class=\"elementor-element elementor-element-17a51ce4 elementor-widget elementor-widget-sidebar\" data-id=\"17a51ce4\" data-element_type=\"widget\" data-widget_type=\"sidebar.default\">\n\t\t\t\t<div class=\"elementor-widget-container\">\n\t\t\t\t\t<div id=\"nav_menu-4\" class=\"service-singles widget widget_nav_menu\"><div class=\"menu-service-sidebar-container\"><ul id=\"menu-service-sidebar\" class=\"menu\"><li id=\"menu-item-11631\" class=\"menu-item menu-item-type-post_type menu-item-object-page menu-item-11631\"><a href=\"https:\/\/www.fondfit.sk\/index.php\/financovanie-kapitalu\/\">Financovanie kapit\u00e1lu<\/a><\/li>\n<li id=\"menu-item-12648\" class=\"menu-item menu-item-type-post_type menu-item-object-page menu-item-12648\"><a href=\"https:\/\/www.fondfit.sk\/index.php\/mentoring\/\">Mentoring<\/a><\/li>\n<li id=\"menu-item-14263\" class=\"menu-item menu-item-type-post_type menu-item-object-page menu-item-14263\"><a href=\"https:\/\/www.fondfit.sk\/index.php\/analytic-solutions\/\">Anal\u00fdza z\u00e1meru<\/a><\/li>\n<\/ul><\/div><\/div>\t\t\t\t<\/div>\n\t\t\t\t<\/div>\n\t\t\t\t\t<\/div>\n\t\t<\/div>\n\t\t\t\t\t<\/div>\n\t\t<\/section>\n\t\t\t\t<section class=\"elementor-section elementor-top-section elementor-element elementor-element-3d06544f elementor-section-boxed elementor-section-height-default elementor-section-height-default wpr-particle-no wpr-jarallax-no wpr-parallax-no wpr-sticky-section-no\" data-id=\"3d06544f\" data-element_type=\"section\">\n\t\t\t\t\t\t<div class=\"elementor-container elementor-column-gap-default\">\n\t\t\t\t\t<div class=\"elementor-column elementor-col-100 elementor-top-column elementor-element elementor-element-24b1bc03\" data-id=\"24b1bc03\" data-element_type=\"column\">\n\t\t\t<div class=\"elementor-widget-wrap elementor-element-populated\">\n\t\t\t\t\t\t<div class=\"elementor-element elementor-element-7996021b elementor-widget elementor-widget-heading\" data-id=\"7996021b\" data-element_type=\"widget\" data-widget_type=\"heading.default\">\n\t\t\t\t<div class=\"elementor-widget-container\">\n\t\t\t\t\t<h4 class=\"elementor-heading-title elementor-size-default\">Na\u0161i partneri<\/h4>\t\t\t\t<\/div>\n\t\t\t\t<\/div>\n\t\t\t\t\t<\/div>\n\t\t<\/div>\n\t\t\t\t\t<\/div>\n\t\t<\/section>\n\t\t\t\t<section class=\"elementor-section elementor-top-section elementor-element elementor-element-46ce591f elementor-section-boxed elementor-section-height-default elementor-section-height-default wpr-particle-no wpr-jarallax-no wpr-parallax-no wpr-sticky-section-no\" data-id=\"46ce591f\" data-element_type=\"section\">\n\t\t\t\t\t\t<div class=\"elementor-container elementor-column-gap-default\">\n\t\t\t\t\t<div class=\"elementor-column elementor-col-100 elementor-top-column elementor-element elementor-element-60a6401a\" data-id=\"60a6401a\" data-element_type=\"column\">\n\t\t\t<div class=\"elementor-widget-wrap elementor-element-populated\">\n\t\t\t\t\t\t<div class=\"elementor-element elementor-element-426fea8a elementor-arrows-position-outside elementor-pagination-position-outside elementor-widget elementor-widget-image-carousel\" data-id=\"426fea8a\" data-element_type=\"widget\" data-settings=\"{&quot;slides_to_show&quot;:&quot;5&quot;,&quot;image_spacing_custom&quot;:{&quot;unit&quot;:&quot;px&quot;,&quot;size&quot;:42,&quot;sizes&quot;:[]},&quot;navigation&quot;:&quot;both&quot;,&quot;autoplay&quot;:&quot;yes&quot;,&quot;pause_on_hover&quot;:&quot;yes&quot;,&quot;pause_on_interaction&quot;:&quot;yes&quot;,&quot;autoplay_speed&quot;:5000,&quot;infinite&quot;:&quot;yes&quot;,&quot;speed&quot;:500,&quot;image_spacing_custom_tablet&quot;:{&quot;unit&quot;:&quot;px&quot;,&quot;size&quot;:&quot;&quot;,&quot;sizes&quot;:[]},&quot;image_spacing_custom_mobile&quot;:{&quot;unit&quot;:&quot;px&quot;,&quot;size&quot;:&quot;&quot;,&quot;sizes&quot;:[]}}\" data-widget_type=\"image-carousel.default\">\n\t\t\t\t<div class=\"elementor-widget-container\">\n\t\t\t\t\t\t\t<div class=\"elementor-image-carousel-wrapper swiper\" role=\"region\" aria-roledescription=\"carousel\" aria-label=\"Obr\u00e1zkov\u00fd kot\u00fa\u010d\" dir=\"ltr\">\n\t\t\t<div class=\"elementor-image-carousel swiper-wrapper\" aria-live=\"off\">\n\t\t\t\t\t\t\t\t<div class=\"swiper-slide\" role=\"group\" aria-roledescription=\"slide\" aria-label=\"1 of 6\"><figure class=\"swiper-slide-inner\"><img decoding=\"async\" class=\"swiper-slide-image\" src=\"https:\/\/www.fondfit.sk\/wp-content\/uploads\/elementor\/thumbs\/SAV-slv-scaled-r12ufms59y25kb52tblgkn3jswfkjwd5mxeqx4pla8.jpg\" alt=\"SAV-slv\" \/><\/figure><\/div><div class=\"swiper-slide\" role=\"group\" aria-roledescription=\"slide\" aria-label=\"2 of 6\"><figure class=\"swiper-slide-inner\"><img decoding=\"async\" class=\"swiper-slide-image\" src=\"https:\/\/www.fondfit.sk\/wp-content\/uploads\/elementor\/thumbs\/slovca_logo-qzyab63ggt9skfygd1kh63mrgfzd8p37czma4mkc1s.jpg\" alt=\"slovca_logo\" \/><\/figure><\/div><div class=\"swiper-slide\" role=\"group\" aria-roledescription=\"slide\" aria-label=\"3 of 6\"><figure class=\"swiper-slide-inner\"><img decoding=\"async\" class=\"swiper-slide-image\" src=\"https:\/\/www.fondfit.sk\/wp-content\/uploads\/elementor\/thumbs\/logo-ZSVTS-v-1-r12tjp7j3kch57iwa0oqd76tanto22lfkvjwzq22o0.jpg\" alt=\"logo-ZSVTS-v\" \/><\/figure><\/div><div class=\"swiper-slide\" role=\"group\" aria-roledescription=\"slide\" aria-label=\"4 of 6\"><figure class=\"swiper-slide-inner\"><img decoding=\"async\" class=\"swiper-slide-image\" src=\"https:\/\/www.fondfit.sk\/wp-content\/uploads\/elementor\/thumbs\/sba-v-r12tusoxs5jc7hemhbd6awdprf4nxfncrst9yblr7k.jpg\" alt=\"sba-v\" \/><\/figure><\/div><div class=\"swiper-slide\" role=\"group\" aria-roledescription=\"slide\" aria-label=\"5 of 6\"><figure class=\"swiper-slide-inner\"><img decoding=\"async\" class=\"swiper-slide-image\" src=\"https:\/\/www.fondfit.sk\/wp-content\/uploads\/elementor\/thumbs\/tuke-v-r12tpu3lpmquxkm1g66255g4w7kxaxycr8v0rqyk1s.jpg\" alt=\"tuke-v\" \/><\/figure><\/div><div class=\"swiper-slide\" role=\"group\" aria-roledescription=\"slide\" aria-label=\"6 of 6\"><figure class=\"swiper-slide-inner\"><img decoding=\"async\" class=\"swiper-slide-image\" src=\"https:\/\/www.fondfit.sk\/wp-content\/uploads\/elementor\/thumbs\/paneuropska-v-r12u2e7z0xxs20db43llyhcumjoh5ct8tenkluc6ww.png\" alt=\"paneuropska-v\" \/><\/figure><\/div>\t\t\t<\/div>\n\t\t\t\t\t\t\t\t\t\t\t\t<div class=\"elementor-swiper-button elementor-swiper-button-prev\" role=\"button\" tabindex=\"0\">\n\t\t\t\t\t\t<i aria-hidden=\"true\" class=\"eicon-chevron-left\"><\/i>\t\t\t\t\t<\/div>\n\t\t\t\t\t<div class=\"elementor-swiper-button elementor-swiper-button-next\" role=\"button\" tabindex=\"0\">\n\t\t\t\t\t\t<i aria-hidden=\"true\" class=\"eicon-chevron-right\"><\/i>\t\t\t\t\t<\/div>\n\t\t\t\t\n\t\t\t\t\t\t\t\t\t<div class=\"swiper-pagination\"><\/div>\n\t\t\t\t\t\t\t\t\t<\/div>\n\t\t\t\t\t\t<\/div>\n\t\t\t\t<\/div>\n\t\t\t\t\t<\/div>\n\t\t<\/div>\n\t\t\t\t\t<\/div>\n\t\t<\/section>\n\t\t\t\t<\/div>\n\t\t","protected":false},"excerpt":{"rendered":"<p>Pr\u00ednosy mentoringu Mentorom naz\u00fdvame osobu so sk\u00fasenos\u0165ami, ktor\u00e1 odovz\u00e1va svoje vedomosti a kompetencie menej sk\u00fasenej osobe (mentee), \u010d\u00edm jej pom\u00e1ha, aby dosiahla stanoven\u00e9 ciele. Mentoring je efekt\u00edvny sp\u00f4sob ako na\u0161tartova\u0165 vlastn\u00e9 podnikanie a pri tom sa vyvarova\u0165 mo\u017en\u00fdm rizik\u00e1m a chyb\u00e1m, ku ktor\u00fdm m\u00f4\u017ee d\u00f4js\u0165 bez potrebn\u00fdch predch\u00e1dzaj\u00facich sk\u00fasenost\u00ed. \u00a0 Jasn\u00e9 a re\u00e1lne nastaven\u00e9 ciele \u010casov\u00fd r\u00e1mec so stanovenou postupnos\u0165ou a pevnou \u0161trukt\u00farou Anga\u017eovanos\u0165 a efekt\u00edvna spolupr\u00e1ca \u00fa\u010dastn\u00edkov mentoringu (mentora a menteeho) Odborn\u00e1 expert\u00edza, z\u00edskanie nadh\u013eadu a podpory pri projekte Na\u0161i partneri<\/p>\n","protected":false},"author":2,"featured_media":0,"parent":0,"menu_order":0,"comment_status":"closed","ping_status":"closed","template":"","meta":{"footnotes":""},"class_list":["post-12563","page","type-page","status-publish","hentry"],"_links":{"self":[{"href":"https:\/\/www.fondfit.sk\/index.php\/wp-json\/wp\/v2\/pages\/12563","targetHints":{"allow":["GET"]}}],"collection":[{"href":"https:\/\/www.fondfit.sk\/index.php\/wp-json\/wp\/v2\/pages"}],"about":[{"href":"https:\/\/www.fondfit.sk\/index.php\/wp-json\/wp\/v2\/types\/page"}],"author":[{"embeddable":true,"href":"https:\/\/www.fondfit.sk\/index.php\/wp-json\/wp\/v2\/users\/2"}],"replies":[{"embeddable":true,"href":"https:\/\/www.fondfit.sk\/index.php\/wp-json\/wp\/v2\/comments?post=12563"}],"version-history":[{"count":52,"href":"https:\/\/www.fondfit.sk\/index.php\/wp-json\/wp\/v2\/pages\/12563\/revisions"}],"predecessor-version":[{"id":23125,"href":"https:\/\/www.fondfit.sk\/index.php\/wp-json\/wp\/v2\/pages\/12563\/revisions\/23125"}],"wp:attachment":[{"href":"https:\/\/www.fondfit.sk\/index.php\/wp-json\/wp\/v2\/media?parent=12563"}],"curies":[{"name":"wp","href":"https:\/\/api.w.org\/{rel}","templated":true}]}}