{"id":14243,"date":"2024-09-12T15:07:38","date_gmt":"2024-09-12T13:07:38","guid":{"rendered":"http:\/\/192.168.0.108\/braintech\/?page_id=14243"},"modified":"2025-02-05T23:37:41","modified_gmt":"2025-02-05T22:37:41","slug":"analytic-solutions","status":"publish","type":"page","link":"https:\/\/www.fondfit.sk\/index.php\/analytic-solutions\/","title":{"rendered":"Anal\u00fdza z\u00e1meru"},"content":{"rendered":"\t\t<div data-elementor-type=\"wp-page\" data-elementor-id=\"14243\" class=\"elementor elementor-14243\">\n\t\t\t\t\t\t<section class=\"elementor-section elementor-top-section elementor-element elementor-element-378e9bd5 elementor-section-full_width elementor-section-content-middle elementor-section-height-default elementor-section-height-default wpr-particle-no wpr-jarallax-no wpr-parallax-no wpr-sticky-section-no\" data-id=\"378e9bd5\" data-element_type=\"section\">\n\t\t\t\t\t\t<div class=\"elementor-container elementor-column-gap-wide\">\n\t\t\t\t\t<div class=\"elementor-column elementor-col-50 elementor-top-column elementor-element elementor-element-4865cf78\" data-id=\"4865cf78\" data-element_type=\"column\">\n\t\t\t<div class=\"elementor-widget-wrap elementor-element-populated\">\n\t\t\t\t\t\t<div class=\"elementor-element elementor-element-3b2bca18 elementor-widget elementor-widget-rs-heading\" data-id=\"3b2bca18\" data-element_type=\"widget\" data-widget_type=\"rs-heading.default\">\n\t\t\t\t<div class=\"elementor-widget-container\">\n\t\t\t\t\t        <div class=\"rs-heading style14  \">\r\n        \t<div class=\"title-inner\">        \t\t      \t\t\r\n\t            <span class=\"sub-text \">Pre\u010do je kvalitn\u00e1 anal\u00fdza nevyhnutn\u00e1<\/span><h2 class=\"title\"><span class=\"watermark\"><\/span>Anal\u00fdza pri startupoch<\/h2>\t\t\t\t\t\t\t\t\t<div class=\"heading-line\"><\/div>\r\n\t\t\t\t\t        <\/div>\r\n\t                    \t<div class=\"description\">\r\n            \t\t<p>Kvalitn\u00e1 anal\u00fdza pom\u00e1ha n\u00e1js\u0165 optim\u00e1lne rie\u0161enia pre V\u00e1\u0161 projekt. Spr\u00e1vne d\u00e1ta V\u00e1s nasmeruj\u00fa na medzery na trhu. Pom\u00f4\u017eu V\u00e1m predch\u00e1dza\u0165 probl\u00e9mom a lep\u0161ie sa mana\u017e\u00e9rsky rozhodova\u0165.<\/p>            \t\t\r\n            \t<\/div>\r\n        \t        <\/div>\r\n\r\n        \t\t\t\t<\/div>\n\t\t\t\t<\/div>\n\t\t\t\t<div class=\"elementor-element elementor-element-7e364241 elementor-widget elementor-widget-text-editor\" data-id=\"7e364241\" data-element_type=\"widget\" data-widget_type=\"text-editor.default\">\n\t\t\t\t<div class=\"elementor-widget-container\">\n\t\t\t\t\t\t\t\t\t<p>Fond inov\u00e1ci\u00ed a technol\u00f3gi\u00ed pon\u00faka v\u00fdrazn\u00e9 zlep\u0161enie finan\u010dnej poz\u00edcie projektu. M\u00f4\u017eeme pom\u00f4c\u0165 financovan\u00edm samotnej spolo\u010dnosti, alebo vybran\u00fdch projektov. Na\u0161e finan\u010dn\u00e9 mo\u017enosti poskytuj\u00fa v\u00e4\u010d\u0161iu flexibilitu ako financovanie prostredn\u00edctvom \u00faveru z finan\u010dn\u00fdch in\u0161tit\u00faci\u00ed.<\/p><p>Fond inov\u00e1ci\u00ed a technol\u00f3gi\u00ed je siln\u00fdm partnerom, ktor\u00fd dod\u00e1 kredibilitu projektu pred vstupom strategick\u00e9ho investora. Takisto poskytneme odborn\u00e9 poradenstvo pri transakcii.<\/p><p>Fond inov\u00e1ci\u00ed a technol\u00f3gi\u00ed poskytuje priestor, \u010das a prostriedky pre p\u00f4vodn\u00fd mana\u017ement na realiz\u00e1ciu podnikate\u013esk\u00e9ho z\u00e1meru.<\/p>\t\t\t\t\t\t\t\t<\/div>\n\t\t\t\t<\/div>\n\t\t\t\t<div class=\"elementor-element elementor-element-0e9104f elementor-widget elementor-widget-rs-button\" data-id=\"0e9104f\" data-element_type=\"widget\" data-widget_type=\"rs-button.default\">\n\t\t\t\t<div class=\"elementor-widget-container\">\n\t\t\t\t\t\t\r\n\t\t\r\n\t\t\t\t\t<div class=\"rs-btn\">\r\n\t\t\t\t\t\t\t\t<a class=\"readon rs_button\" href=\"https:\/\/www.fondfit.sk\/index.php\/kontakt\/\" >\t\t\t\t\r\n\t\t\t\t\t<span class=\"btn_text\">Kontaktujte n\u00e1s<\/span>\r\n\t\t\t\t\t\t\t\t\t<\/a>\r\n\t\t\t<\/div> \r\n\t\t   \r\n\t\t\t\t\t<\/div>\n\t\t\t\t<\/div>\n\t\t\t\t\t<\/div>\n\t\t<\/div>\n\t\t\t\t<div class=\"elementor-column elementor-col-50 elementor-top-column elementor-element elementor-element-475b3f25 animated-slow\" data-id=\"475b3f25\" data-element_type=\"column\" data-settings=\"{&quot;animation&quot;:&quot;none&quot;,&quot;animation_delay&quot;:500}\">\n\t\t\t<div class=\"elementor-widget-wrap elementor-element-populated\">\n\t\t\t\t\t\t<div class=\"elementor-element elementor-element-4586c090 animated-slow elementor-widget elementor-widget-image\" data-id=\"4586c090\" data-element_type=\"widget\" data-settings=\"{&quot;_animation&quot;:&quot;none&quot;}\" data-widget_type=\"image.default\">\n\t\t\t\t<div class=\"elementor-widget-container\">\n\t\t\t\t\t\t\t\t\t\t\t\t\t\t\t<img fetchpriority=\"high\" decoding=\"async\" width=\"640\" height=\"390\" src=\"https:\/\/www.fondfit.sk\/wp-content\/uploads\/2024\/05\/hightec_humanoid_office-e1715204157805-1024x624.jpg\" class=\"attachment-large size-large wp-image-21932\" alt=\"\" srcset=\"https:\/\/www.fondfit.sk\/wp-content\/uploads\/2024\/05\/hightec_humanoid_office-e1715204157805-1024x624.jpg 1024w, https:\/\/www.fondfit.sk\/wp-content\/uploads\/2024\/05\/hightec_humanoid_office-e1715204157805-300x183.jpg 300w, https:\/\/www.fondfit.sk\/wp-content\/uploads\/2024\/05\/hightec_humanoid_office-e1715204157805-768x468.jpg 768w, https:\/\/www.fondfit.sk\/wp-content\/uploads\/2024\/05\/hightec_humanoid_office-e1715204157805.jpg 1102w\" sizes=\"(max-width: 640px) 100vw, 640px\" \/>\t\t\t\t\t\t\t\t\t\t\t\t\t\t\t<\/div>\n\t\t\t\t<\/div>\n\t\t\t\t\t<\/div>\n\t\t<\/div>\n\t\t\t\t\t<\/div>\n\t\t<\/section>\n\t\t\t\t<section class=\"elementor-section elementor-top-section elementor-element elementor-element-5d61e78c elementor-section-boxed elementor-section-height-default elementor-section-height-default wpr-particle-no wpr-jarallax-no wpr-parallax-no wpr-sticky-section-no\" data-id=\"5d61e78c\" data-element_type=\"section\">\n\t\t\t\t\t\t<div class=\"elementor-container elementor-column-gap-default\">\n\t\t\t\t\t<div class=\"elementor-column elementor-col-100 elementor-top-column elementor-element elementor-element-693271f2\" data-id=\"693271f2\" data-element_type=\"column\">\n\t\t\t<div class=\"elementor-widget-wrap elementor-element-populated\">\n\t\t\t\t\t\t<div class=\"elementor-element elementor-element-8929967 elementor-widget elementor-widget-heading\" data-id=\"8929967\" data-element_type=\"widget\" data-widget_type=\"heading.default\">\n\t\t\t\t<div class=\"elementor-widget-container\">\n\t\t\t\t\t<h4 class=\"elementor-heading-title elementor-size-default\">Na\u0161i partneri<\/h4>\t\t\t\t<\/div>\n\t\t\t\t<\/div>\n\t\t\t\t\t<\/div>\n\t\t<\/div>\n\t\t\t\t\t<\/div>\n\t\t<\/section>\n\t\t\t\t<section class=\"elementor-section elementor-top-section elementor-element elementor-element-55f169f8 elementor-section-boxed elementor-section-height-default elementor-section-height-default wpr-particle-no wpr-jarallax-no wpr-parallax-no wpr-sticky-section-no\" data-id=\"55f169f8\" data-element_type=\"section\">\n\t\t\t\t\t\t<div class=\"elementor-container elementor-column-gap-default\">\n\t\t\t\t\t<div class=\"elementor-column elementor-col-100 elementor-top-column elementor-element elementor-element-254c122b\" data-id=\"254c122b\" data-element_type=\"column\">\n\t\t\t<div class=\"elementor-widget-wrap elementor-element-populated\">\n\t\t\t\t\t\t<div class=\"elementor-element elementor-element-3455a432 elementor-arrows-position-outside elementor-pagination-position-outside elementor-widget elementor-widget-image-carousel\" data-id=\"3455a432\" data-element_type=\"widget\" data-settings=\"{&quot;slides_to_show&quot;:&quot;5&quot;,&quot;image_spacing_custom&quot;:{&quot;unit&quot;:&quot;px&quot;,&quot;size&quot;:42,&quot;sizes&quot;:[]},&quot;navigation&quot;:&quot;both&quot;,&quot;autoplay&quot;:&quot;yes&quot;,&quot;pause_on_hover&quot;:&quot;yes&quot;,&quot;pause_on_interaction&quot;:&quot;yes&quot;,&quot;autoplay_speed&quot;:5000,&quot;infinite&quot;:&quot;yes&quot;,&quot;speed&quot;:500,&quot;image_spacing_custom_tablet&quot;:{&quot;unit&quot;:&quot;px&quot;,&quot;size&quot;:&quot;&quot;,&quot;sizes&quot;:[]},&quot;image_spacing_custom_mobile&quot;:{&quot;unit&quot;:&quot;px&quot;,&quot;size&quot;:&quot;&quot;,&quot;sizes&quot;:[]}}\" data-widget_type=\"image-carousel.default\">\n\t\t\t\t<div class=\"elementor-widget-container\">\n\t\t\t\t\t\t\t<div class=\"elementor-image-carousel-wrapper swiper\" role=\"region\" aria-roledescription=\"carousel\" aria-label=\"Obr\u00e1zkov\u00fd kot\u00fa\u010d\" dir=\"ltr\">\n\t\t\t<div class=\"elementor-image-carousel swiper-wrapper\" aria-live=\"off\">\n\t\t\t\t\t\t\t\t<div class=\"swiper-slide\" role=\"group\" aria-roledescription=\"slide\" aria-label=\"1 of 6\"><figure class=\"swiper-slide-inner\"><img decoding=\"async\" class=\"swiper-slide-image\" src=\"https:\/\/www.fondfit.sk\/wp-content\/uploads\/elementor\/thumbs\/SAV-slv-scaled-r12ufms59y25kb52tblgkn3jswfkjwd5mxeqx4pla8.jpg\" alt=\"SAV-slv\" \/><\/figure><\/div><div class=\"swiper-slide\" role=\"group\" aria-roledescription=\"slide\" aria-label=\"2 of 6\"><figure class=\"swiper-slide-inner\"><img decoding=\"async\" class=\"swiper-slide-image\" src=\"https:\/\/www.fondfit.sk\/wp-content\/uploads\/elementor\/thumbs\/slovca_logo-qzyab63ggt9skfygd1kh63mrgfzd8p37czma4mkc1s.jpg\" alt=\"slovca_logo\" \/><\/figure><\/div><div class=\"swiper-slide\" role=\"group\" aria-roledescription=\"slide\" aria-label=\"3 of 6\"><figure class=\"swiper-slide-inner\"><img decoding=\"async\" class=\"swiper-slide-image\" src=\"https:\/\/www.fondfit.sk\/wp-content\/uploads\/elementor\/thumbs\/logo-ZSVTS-v-1-r12tjp7j3kch57iwa0oqd76tanto22lfkvjwzq22o0.jpg\" alt=\"logo-ZSVTS-v\" \/><\/figure><\/div><div class=\"swiper-slide\" role=\"group\" aria-roledescription=\"slide\" aria-label=\"4 of 6\"><figure class=\"swiper-slide-inner\"><img decoding=\"async\" class=\"swiper-slide-image\" src=\"https:\/\/www.fondfit.sk\/wp-content\/uploads\/elementor\/thumbs\/sba-v-r12tusoxs5jc7hemhbd6awdprf4nxfncrst9yblr7k.jpg\" alt=\"sba-v\" \/><\/figure><\/div><div class=\"swiper-slide\" role=\"group\" aria-roledescription=\"slide\" aria-label=\"5 of 6\"><figure class=\"swiper-slide-inner\"><img decoding=\"async\" class=\"swiper-slide-image\" src=\"https:\/\/www.fondfit.sk\/wp-content\/uploads\/elementor\/thumbs\/tuke-v-r12tpu3lpmquxkm1g66255g4w7kxaxycr8v0rqyk1s.jpg\" alt=\"tuke-v\" \/><\/figure><\/div><div class=\"swiper-slide\" role=\"group\" aria-roledescription=\"slide\" aria-label=\"6 of 6\"><figure class=\"swiper-slide-inner\"><img decoding=\"async\" class=\"swiper-slide-image\" src=\"https:\/\/www.fondfit.sk\/wp-content\/uploads\/elementor\/thumbs\/paneuropska-v-r12u2e7z0xxs20db43llyhcumjoh5ct8tenkluc6ww.png\" alt=\"paneuropska-v\" \/><\/figure><\/div>\t\t\t<\/div>\n\t\t\t\t\t\t\t\t\t\t\t\t<div class=\"elementor-swiper-button elementor-swiper-button-prev\" role=\"button\" tabindex=\"0\">\n\t\t\t\t\t\t<i aria-hidden=\"true\" class=\"eicon-chevron-left\"><\/i>\t\t\t\t\t<\/div>\n\t\t\t\t\t<div class=\"elementor-swiper-button elementor-swiper-button-next\" role=\"button\" tabindex=\"0\">\n\t\t\t\t\t\t<i aria-hidden=\"true\" class=\"eicon-chevron-right\"><\/i>\t\t\t\t\t<\/div>\n\t\t\t\t\n\t\t\t\t\t\t\t\t\t<div class=\"swiper-pagination\"><\/div>\n\t\t\t\t\t\t\t\t\t<\/div>\n\t\t\t\t\t\t<\/div>\n\t\t\t\t<\/div>\n\t\t\t\t\t<\/div>\n\t\t<\/div>\n\t\t\t\t\t<\/div>\n\t\t<\/section>\n\t\t\t\t<\/div>\n\t\t","protected":false},"excerpt":{"rendered":"<p>Pre\u010do je kvalitn\u00e1 anal\u00fdza nevyhnutn\u00e1 Anal\u00fdza pri startupoch Kvalitn\u00e1 anal\u00fdza pom\u00e1ha n\u00e1js\u0165 optim\u00e1lne rie\u0161enia pre V\u00e1\u0161 projekt. Spr\u00e1vne d\u00e1ta V\u00e1s nasmeruj\u00fa na medzery na trhu. Pom\u00f4\u017eu V\u00e1m predch\u00e1dza\u0165 probl\u00e9mom a lep\u0161ie sa mana\u017e\u00e9rsky rozhodova\u0165. Fond inov\u00e1ci\u00ed a technol\u00f3gi\u00ed pon\u00faka v\u00fdrazn\u00e9 zlep\u0161enie finan\u010dnej poz\u00edcie projektu. M\u00f4\u017eeme pom\u00f4c\u0165 financovan\u00edm samotnej spolo\u010dnosti, alebo vybran\u00fdch projektov. Na\u0161e finan\u010dn\u00e9 mo\u017enosti poskytuj\u00fa v\u00e4\u010d\u0161iu flexibilitu ako financovanie prostredn\u00edctvom \u00faveru z finan\u010dn\u00fdch in\u0161tit\u00faci\u00ed. Fond inov\u00e1ci\u00ed a technol\u00f3gi\u00ed je siln\u00fdm partnerom, ktor\u00fd dod\u00e1 kredibilitu projektu pred vstupom strategick\u00e9ho investora. Takisto poskytneme odborn\u00e9 poradenstvo pri transakcii. Fond inov\u00e1ci\u00ed a technol\u00f3gi\u00ed poskytuje priestor, \u010das a prostriedky pre p\u00f4vodn\u00fd mana\u017ement na realiz\u00e1ciu podnikate\u013esk\u00e9ho z\u00e1meru. Kontaktujte n\u00e1s Na\u0161i partneri<\/p>\n","protected":false},"author":2,"featured_media":0,"parent":0,"menu_order":0,"comment_status":"closed","ping_status":"closed","template":"","meta":{"footnotes":""},"class_list":["post-14243","page","type-page","status-publish","hentry"],"_links":{"self":[{"href":"https:\/\/www.fondfit.sk\/index.php\/wp-json\/wp\/v2\/pages\/14243","targetHints":{"allow":["GET"]}}],"collection":[{"href":"https:\/\/www.fondfit.sk\/index.php\/wp-json\/wp\/v2\/pages"}],"about":[{"href":"https:\/\/www.fondfit.sk\/index.php\/wp-json\/wp\/v2\/types\/page"}],"author":[{"embeddable":true,"href":"https:\/\/www.fondfit.sk\/index.php\/wp-json\/wp\/v2\/users\/2"}],"replies":[{"embeddable":true,"href":"https:\/\/www.fondfit.sk\/index.php\/wp-json\/wp\/v2\/comments?post=14243"}],"version-history":[{"count":31,"href":"https:\/\/www.fondfit.sk\/index.php\/wp-json\/wp\/v2\/pages\/14243\/revisions"}],"predecessor-version":[{"id":23139,"href":"https:\/\/www.fondfit.sk\/index.php\/wp-json\/wp\/v2\/pages\/14243\/revisions\/23139"}],"wp:attachment":[{"href":"https:\/\/www.fondfit.sk\/index.php\/wp-json\/wp\/v2\/media?parent=14243"}],"curies":[{"name":"wp","href":"https:\/\/api.w.org\/{rel}","templated":true}]}}